{"id":2,"date":"2022-01-14T18:12:40","date_gmt":"2022-01-14T18:12:40","guid":{"rendered":"https:\/\/gug-haustechnik.de\/?page_id=2"},"modified":"2022-01-16T13:20:44","modified_gmt":"2022-01-16T13:20:44","slug":"sample-page","status":"publish","type":"page","link":"https:\/\/gug-haustechnik.de\/?page_id=2","title":{"rendered":"Impressum"},"content":{"rendered":"<div data-colibri-id=\"2-c1\" class=\"style-412 style-local-2-c1 position-relative\">\r\n  <!---->\r\n  <div data-colibri-component=\"section\" data-colibri-id=\"2-c2\" id=\"custom\" class=\"h-section h-section-global-spacing d-flex align-items-lg-center align-items-md-center align-items-center style-413 style-local-2-c2 position-relative\">\r\n    <!---->\r\n    <!---->\r\n    <div class=\"h-section-grid-container h-section-boxed-container\">\r\n      <!---->\r\n      <div data-colibri-id=\"2-c3\" class=\"h-row-container gutters-row-lg-2 gutters-row-md-2 gutters-row-0 gutters-row-v-lg-2 gutters-row-v-md-2 gutters-row-v-2 style-414 style-local-2-c3 position-relative\">\r\n        <!---->\r\n        <div class=\"h-row justify-content-lg-center justify-content-md-center justify-content-center align-items-lg-stretch align-items-md-stretch align-items-stretch gutters-col-lg-2 gutters-col-md-2 gutters-col-0 gutters-col-v-lg-2 gutters-col-v-md-2 gutters-col-v-2\">\r\n          <!---->\r\n          <div class=\"h-column h-column-container d-flex h-col-lg-auto h-col-md-auto h-col-auto style-415-outer style-local-2-c4-outer\">\r\n            <div data-colibri-id=\"2-c4\" class=\"d-flex h-flex-basis h-column__inner h-px-lg-2 h-px-md-2 h-px-2 v-inner-lg-2 v-inner-md-2 v-inner-2 style-415 style-local-2-c4 position-relative\">\r\n              <!---->\r\n              <!---->\r\n              <div class=\"w-100 h-y-container h-column__content h-column__v-align flex-basis-100 align-self-lg-start align-self-md-start align-self-start\">\r\n                <!---->\r\n                <div data-colibri-id=\"2-c5\" class=\"h-text h-text-component style-416 style-local-2-c5 position-relative h-element\">\r\n                  <!---->\r\n                  <!---->\r\n                  <div class=\"\">\r\n                    <p>G&amp;G Haustechnik<\/p>\r\n                    <p>Sachsstr. 16 \/ Halle Tor 250259 Pulheim<\/p>\r\n                    <h2>KONTAKT:<\/h2>\r\n                    <p>E-Mail-Adresse:&nbsp;\r\n                      <a href=\"mailto:kontakt@suesse-sahneschnittchen.de\" style=\"font-family: &quot;Open Sans&quot;; font-weight: 400; font-size: 1em; color: rgb(255, 0, 0);\">kontakt@gug-haustechnik.de<\/a>\r\n                      <br>Telefonnummer: 0 22 34 \/ 430 41 31\r\n                      <br>Handy-Nr.: +49 1575 6102960<\/p>\r\n                    <h2>UMSATZSTEUER-ID:<\/h2>\r\n                    <p>Umsatzsteuer-Identifikationsnummer:\r\n                      <br>DE 305 316 943<\/p>\r\n                    <h2>Inhaltlich verantwortlich:&nbsp;<span style=\"color: rgb(70, 112, 127); font-family: &quot;Open Sans&quot;; font-size: 16px; font-weight: 400;\"><br>Stefanie M\u00fcller&nbsp;<\/span><\/h2>\r\n                    <h2>Copyright<\/h2>\r\n                    <p><span style=\"font-weight: 400; font-size: 16px; font-family: &quot;Open Sans&quot;; color: rgb(70, 112, 127);\">Diese Webseite und ihre Inhalte, Texte, Grafiken und Fotos sind durch Urheberrechte bzw. sonstige Schutzrechte gesch\u00fctzt. Das Kopiere, Vervielf\u00e4ltigen <br>und das Verwenden dieser Daten und ihre evtl. Ver\u00e4nderung ist daher ohne schriftliche Genehmigung durch den Urheber nicht gestattet.<\/span><\/p>\r\n                    <h2>Bilder<\/h2>\r\n                    <p><span style=\"color: rgb(70, 112, 127); font-family: &quot;Open Sans&quot;; font-size: 16px; font-weight: 400;\">https:\/\/de.vecteezy.com\/kostenlos-videos\/fenster<br>G&amp;G Haustechnik<\/span>\r\n                      <br>\r\n                      <br>\r\n                    <\/p>\r\n                    <p>Plattform der Europ\u00e4ischen Kommission zur Online-Streitbeilegung (OS) f\u00fcr Verbraucher:&nbsp;\r\n                      <a href=\"https:\/\/ec.europa.eu\/consumers\/odr\" rel=\"noreferrer noopener\" target=\"_blank\" style=\"font-family: &quot;Open Sans&quot;; font-weight: 400; font-size: 1em; color: rgb(255, 0, 0);\" class=\"customize-unpreviewable\">https:\/\/ec.europa.eu\/consumers\/odr\/<\/a>. Wir sind nicht bereit und nicht verpflichtet an einem Streitbeilegungsverfahren vor einer Verbraucherschlichtungsstelle teilzunehmen.<\/p>\r\n                  <\/div>\r\n                <\/div>\r\n              <\/div>\r\n            <\/div>\r\n          <\/div>\r\n        <\/div>\r\n      <\/div>\r\n    <\/div>\r\n  <\/div>\r\n<\/div>","protected":false},"excerpt":{"rendered":"<p>G&amp;G Haustechnik Sachsstr. 16 \/ Halle Tor 250259 Pulheim KONTAKT: E-Mail-Adresse:&nbsp; kontakt@gug-haustechnik.de Telefonnummer: 0 22 34 \/ 430 41 31 Handy-Nr.: +49 1575 6102960 UMSATZSTEUER-ID: Umsatzsteuer-Identifikationsnummer: DE 305 316 943 Inhaltlich verantwortlich:&nbsp;Stefanie M\u00fcller&nbsp; Copyright Diese Webseite und ihre Inhalte, Texte, Grafiken und Fotos sind durch Urheberrechte bzw. sonstige Schutzrechte gesch\u00fctzt. Das Kopiere, Vervielf\u00e4ltigen und das [&hellip;]<\/p>\n","protected":false},"author":1,"featured_media":0,"parent":0,"menu_order":0,"comment_status":"closed","ping_status":"open","template":"page-templates\/full-width-page.php","meta":{"footnotes":""},"class_list":["post-2","page","type-page","status-publish","hentry"],"_links":{"self":[{"href":"https:\/\/gug-haustechnik.de\/index.php?rest_route=\/wp\/v2\/pages\/2","targetHints":{"allow":["GET"]}}],"collection":[{"href":"https:\/\/gug-haustechnik.de\/index.php?rest_route=\/wp\/v2\/pages"}],"about":[{"href":"https:\/\/gug-haustechnik.de\/index.php?rest_route=\/wp\/v2\/types\/page"}],"author":[{"embeddable":true,"href":"https:\/\/gug-haustechnik.de\/index.php?rest_route=\/wp\/v2\/users\/1"}],"replies":[{"embeddable":true,"href":"https:\/\/gug-haustechnik.de\/index.php?rest_route=%2Fwp%2Fv2%2Fcomments&post=2"}],"version-history":[{"count":3,"href":"https:\/\/gug-haustechnik.de\/index.php?rest_route=\/wp\/v2\/pages\/2\/revisions"}],"predecessor-version":[{"id":600,"href":"https:\/\/gug-haustechnik.de\/index.php?rest_route=\/wp\/v2\/pages\/2\/revisions\/600"}],"wp:attachment":[{"href":"https:\/\/gug-haustechnik.de\/index.php?rest_route=%2Fwp%2Fv2%2Fmedia&parent=2"}],"curies":[{"name":"wp","href":"https:\/\/api.w.org\/{rel}","templated":true}]}}